{"id":9,"date":"2024-11-17T18:04:25","date_gmt":"2024-11-17T17:04:25","guid":{"rendered":"https:\/\/krippen-weg.de\/?page_id=9"},"modified":"2025-11-25T19:27:49","modified_gmt":"2025-11-25T18:27:49","slug":"der-weg","status":"publish","type":"page","link":"https:\/\/krippen-weg.de\/?page_id=9","title":{"rendered":"Der Weg"},"content":{"rendered":"\n<p>Auch 2025 gibt es wieder Neues zu entdecken. Manchmal sind Krippen an anderen Standorten zu sehen, manchmal ist nur eine Figur hinzugekommen oder das Haus dahinter hat sich ge\u00e4ndert. Aber es lohnt sich immer, mit offenen Augen durch den Ort zu laufen!<\/p>\n\n\n\n<p><strong><a href=\"https:\/\/krippen-weg.de\/wp-content\/uploads\/2025\/11\/2025_Krippenweg.pdf\" data-type=\"attachment\" data-id=\"158\">PDF zum Download<\/a><\/strong><\/p>\n\n\n\n<p><strong>Auf dem Weg kann es kalt werden &#8211; daher hier ein paar Aufw\u00e4rm-Tipps: <\/strong><br>\u26ea B\u00e4ckerei, Metzgerei und Naturkostladen am Rathausplatz bieten Leckereien.<br>\u2615 Unbedingt Fr\u00fchst\u00fcck am Samstag bei <a href=\"https:\/\/roastbears.de\/\">Roastbears<\/a> im G\u00e4ssle vorbestellen!<br>\ud83d\udc1d Honig, (Gl\u00fch-)Met &amp; mehr gibt es bei <a href=\"https:\/\/www.bienenprodukte-aus-ungarn.de\/\">Alma&#8217;s Bienenprodukten<\/a> (G\u00e4chtstr. 54).<br>\ud83c\udf74 Essen kann man in der <a href=\"http:\/\/www.fischerkischd.de\/\">Fischerkischd <\/a>(Dammweg), im <a href=\"https:\/\/ristorante-la-cascina.de\/\">La Cascina<\/a> (Dorfstra\u00dfe), in der <a href=\"https:\/\/faulbaum3.de\/\">Sportgastst\u00e4tte Faulbaum<\/a> (bei der Krippe vom Jugendrotkreuz) und im <a href=\"https:\/\/www.tulsi-palace.com\/\">Tulsi Palace<\/a> (Wannweilerstra\u00dfe).<\/p>\n\n\n\n<p><strong>Der Weg in Etappen<\/strong> \ud83c\udfc3\u200d\u2642\ufe0f\u200d\u27a1\ufe0f<br>Der ganze Weg ist \u00fcber 10 km lang &#8211; hier gibt es daher ein paar Etappen-Vorschl\u00e4ge. Tipp: PDF und den Etappenweg zur Hand haben, damit Hausnummern schnell nachgeschlagen werden k\u00f6nnen. Unter <a href=\"https:\/\/krippen-weg.de\/?page_id=25\" data-type=\"page\" data-id=\"25\">Die Krippen<\/a> werden die jeweiligen Standorte auch einzeln angezeigt.<\/p>\n\n\n\n<ul class=\"wp-block-list\">\n<li><a href=\"https:\/\/www.falk.de\/routenplaner-fussgaenger\/kirchentellinsfurt--kirchentellinsfurt?mz=16&amp;mp=48.53311_9.14753&amp;rp=pedestrian&amp;rw=48.53248_9.14934_Schlo%C3%9Fgartenstra%C3%9Fe+5%2C+72138+Kirchentellinsfurt%2C+Deutschland_0&amp;rw=48.53152_9.14853_Rathausplatz+8%2C+72138+Kirchentellinsfurt%2C+Deutschland_0&amp;rw=48.53292_9.14692_Am+Plon+4%2C+72138+Kirchentellinsfurt%2C+Deutschland_0&amp;rw=48.53391_9.14943_Im+G%C3%A4ssle+23%2C+72138+Kirchentellinsfurt%2C+Deutschland_0&amp;rw=48.53277_9.14881_Schlo%C3%9Fhof%2C+72138+Kirchentellinsfurt%2C+Deutschland_0&amp;rw=48.53277_9.14879_Schlo%C3%9Fhof+2%2C+72138+Kirchentellinsfurt%2C+Deutschland_1&amp;rw=48.53265_9.14925_Schlo%C3%9Fgartenstra%C3%9Fe+7%2C+72138+Kirchentellinsfurt%2C+Deutschland_1\">Krippen im Dorfkern &#8211; ein Kilometer zum Schlendern<\/a><\/li>\n\n\n\n<li><a href=\"https:\/\/www.falk.de\/routenplaner-fussgaenger\/kirchentellinsfurt--kirchentellinsfurt?mz=16&amp;mp=48.53311_9.14753&amp;rp=pedestrian&amp;rw=48.53248_9.14934_Schlo%C3%9Fgartenstra%C3%9Fe+5%2C+72138+Kirchentellinsfurt%2C+Deutschland_0&amp;rw=48.53152_9.14853_Rathausplatz+8%2C+72138+Kirchentellinsfurt%2C+Deutschland_0&amp;rw=48.53292_9.14692_Am+Plon+4%2C+72138+Kirchentellinsfurt%2C+Deutschland_0&amp;rw=48.53412_9.14792_Hofstattweg+5%2C+72138+Kirchentellinsfurt%2C+Deutschland_0&amp;rw=48.53515_9.14728_Baumgartenstra%C3%9Fe+12%2C+72138+Kirchentellinsfurt%2C+Deutschland_0&amp;rw=48.53467_9.14854_Hofstattweg+16%2C+72138+Kirchentellinsfurt%2C+Deutschland_0&amp;rw=48.53607_9.15102_Himmelreichstra%C3%9Fe+21%2C+72138+Kirchentellinsfurt%2C+Deutschland_0&amp;rw=48.53424_9.15117_In+der+Ga%C3%9F+33%2C+72138+Kirchentellinsfurt%2C+Deutschland_0&amp;rw=48.53391_9.14943_Im+G%C3%A4ssle+23%2C+72138+Kirchentellinsfurt%2C+Deutschland_0&amp;rw=48.53277_9.14881_Schlo%C3%9Fhof%2C+72138+Kirchentellinsfurt%2C+Deutschland_0&amp;rw=48.53277_9.14879_Schlo%C3%9Fhof+2%2C+72138+Kirchentellinsfurt%2C+Deutschland_1&amp;rw=48.53265_9.14925_Schlo%C3%9Fgartenstra%C3%9Fe+7%2C+72138+Kirchentellinsfurt%2C+Deutschland_1&amp;rw=\">24 Krippen auf 2 km: Ein Dorf mit Himmelreich<\/a><\/li>\n\n\n\n<li><a href=\"https:\/\/www.falk.de\/routenplaner-fussgaenger\/kirchentellinsfurt--kirchentellinsfurt?mz=15.4&amp;mp=48.52962_9.14365&amp;rp=pedestrian&amp;rw=48.53464_9.14387_Fischerkischd%2C+Dammweg+4%2C+72138+Kirchentellinsfurt_0&amp;rw=48.53129_9.13867_Bahnhofstra%C3%9Fe+27%2C+72138+Kirchentellinsfurt%2C+Deutschland_0&amp;rw=48.53071_9.13943_Wannweiler+Stra%C3%9Fe+12%2C+72138+Kirchentellinsfurt%2C+Deutschland_0&amp;rw=48.52911_9.14093_Wannweiler+Stra%C3%9Fe+30%2C+72138+Kirchentellinsfurt%2C+Deutschland_0&amp;rw=48.52644_9.14748_Im+Eichengrund+3%2C+72138+Kirchentellinsfurt%2C+Deutschland_0&amp;rw=48.52806_9.14804_Wilhelmstra%C3%9Fe+53%2C+72138+Kirchentellinsfurt%2C+Deutschland_0&amp;rw=48.5307_9.14648_Friedrichstra%C3%9Fe+9%2C+72138+Kirchentellinsfurt%2C+Deutschland_0&amp;rw=48.53191_9.14313_Neue+Steige+53%2C+72138+Kirchentellinsfurt%2C+Deutschland_0&amp;rw=48.53058_9.14298_Weilhauweg+12%2C+72138+Kirchentellinsfurt%2C+Deutschland_0&amp;rw=48.53464_9.14387_Fischerkischd%2C+Dammweg+4%2C+72138+Kirchentellinsfurt_0\" data-type=\"link\" data-id=\"https:\/\/www.falk.de\/routenplaner-fussgaenger\/kirchentellinsfurt--kirchentellinsfurt?mz=15.4&amp;mp=48.52962_9.14365&amp;rp=pedestrian&amp;rw=48.53464_9.14387_Fischerkischd%2C+Dammweg+4%2C+72138+Kirchentellinsfurt_0&amp;rw=48.53129_9.13867_Bahnhofstra%C3%9Fe+27%2C+72138+Kirchentellinsfurt%2C+Deutschland_0&amp;rw=48.53071_9.13943_Wannweiler+Stra%C3%9Fe+12%2C+72138+Kirchentellinsfurt%2C+Deutschland_0&amp;rw=48.52911_9.14093_Wannweiler+Stra%C3%9Fe+30%2C+72138+Kirchentellinsfurt%2C+Deutschland_0&amp;rw=48.52644_9.14748_Im+Eichengrund+3%2C+72138+Kirchentellinsfurt%2C+Deutschland_0&amp;rw=48.52806_9.14804_Wilhelmstra%C3%9Fe+53%2C+72138+Kirchentellinsfurt%2C+Deutschland_0&amp;rw=48.5307_9.14648_Friedrichstra%C3%9Fe+9%2C+72138+Kirchentellinsfurt%2C+Deutschland_0&amp;rw=48.53191_9.14313_Neue+Steige+53%2C+72138+Kirchentellinsfurt%2C+Deutschland_0&amp;rw=48.53058_9.14298_Weilhauweg+12%2C+72138+Kirchentellinsfurt%2C+Deutschland_0&amp;rw=48.53464_9.14387_Fischerkischd%2C+Dammweg+4%2C+72138+Kirchentellinsfurt_0\">Abwechslungsreich im Tal unterwegs<\/a><\/li>\n\n\n\n<li><a href=\"https:\/\/www.falk.de\/routenplaner-fussgaenger\/kirchentellinsfurt--kirchentellinsfurt?mz=15.3&amp;mp=48.53161_9.15481&amp;rp=pedestrian&amp;rw=48.53122_9.15978_Faulbaum%2C+72138+Kirchentellinsfurt%2C+Deutschland_0&amp;rw=48.53573_9.15464_G%C3%A4chtstra%C3%9Fe+54%2C+72138+Kirchentellinsfurt%2C+Deutschland_0&amp;rw=48.5368_9.15321_Im+Wengertacker+3%2C+72138+Kirchentellinsfurt%2C+Deutschland_0&amp;rw=48.53608_9.14994_Dornackerstra%C3%9Fe+16%2C+72138+Kirchentellinsfurt%2C+Deutschland_0&amp;rw=48.53607_9.15102_Himmelreichstra%C3%9Fe+21%2C+72138+Kirchentellinsfurt%2C+Deutschland_0&amp;rw=48.53499_9.14948_Himmelreichstra%C3%9Fe+3%2C+72138+Kirchentellinsfurt%2C+Deutschland_0&amp;rw=48.53424_9.15117_In+der+Ga%C3%9F+33%2C+72138+Kirchentellinsfurt%2C+Deutschland_0&amp;rw=48.53152_9.15232_Billinger+Allee+12%2C+72138+Kirchentellinsfurt%2C+Deutschland_0&amp;rw=48.53102_9.15332_Billinger+Allee+15%2F4%2C+72138+Kirchentellinsfurt%2C+Deutschland_0&amp;rw=48.53109_9.15346_Raichbergstra%C3%9Fe+1%2C+72138+Kirchentellinsfurt%2C+Deutschland_0&amp;rw=48.53063_9.15384_Raichbergstra%C3%9Fe+2%2C+72138+Kirchentellinsfurt%2C+Deutschland_0&amp;rw=48.52777_9.15483_Sonnenhalde+52%2C+72138+Kirchentellinsfurt%2C+Deutschland_0&amp;rw=48.52795_9.1587_Akazienweg+8%2C+72138+Kirchentellinsfurt%2C+Deutschland_0&amp;rw=48.53122_9.15978_Faulbaum%2C+72138+Kirchentellinsfurt%2C+Deutschland_0\">Krippen-Perlen bis zur oberen Birke<\/a><\/li>\n<\/ul>\n\n\n\n<p><strong><a href=\"https:\/\/krippen-weg.de\/wp-content\/uploads\/2025\/11\/2025_Krippenweg.pdf\" data-type=\"attachment\" data-id=\"158\">PDF zum Download<\/a><\/strong><\/p>\n\n\n\n<figure class=\"wp-block-image size-full\"><img loading=\"lazy\" decoding=\"async\" width=\"1106\" height=\"721\" src=\"https:\/\/krippen-weg.de\/wp-content\/uploads\/2025\/11\/2025_Weg-1.jpg\" alt=\"\" class=\"wp-image-160\" srcset=\"https:\/\/krippen-weg.de\/wp-content\/uploads\/2025\/11\/2025_Weg-1.jpg 1106w, https:\/\/krippen-weg.de\/wp-content\/uploads\/2025\/11\/2025_Weg-1-300x196.jpg 300w, https:\/\/krippen-weg.de\/wp-content\/uploads\/2025\/11\/2025_Weg-1-1024x668.jpg 1024w, https:\/\/krippen-weg.de\/wp-content\/uploads\/2025\/11\/2025_Weg-1-768x501.jpg 768w\" sizes=\"auto, (max-width: 1106px) 100vw, 1106px\" \/><\/figure>\n\n\n\n<figure class=\"wp-block-image size-full\"><img loading=\"lazy\" decoding=\"async\" width=\"792\" height=\"519\" src=\"https:\/\/krippen-weg.de\/wp-content\/uploads\/2025\/11\/2025_Standorte.jpg\" alt=\"\" class=\"wp-image-164\" srcset=\"https:\/\/krippen-weg.de\/wp-content\/uploads\/2025\/11\/2025_Standorte.jpg 792w, https:\/\/krippen-weg.de\/wp-content\/uploads\/2025\/11\/2025_Standorte-300x197.jpg 300w, https:\/\/krippen-weg.de\/wp-content\/uploads\/2025\/11\/2025_Standorte-768x503.jpg 768w\" sizes=\"auto, (max-width: 792px) 100vw, 792px\" \/><\/figure>\n\n\n\n<p><\/p>\n","protected":false},"excerpt":{"rendered":"<p>Auch 2025 gibt es wieder Neues zu entdecken. Manchmal sind Krippen an anderen Standorten zu sehen, manchmal ist nur eine Figur hinzugekommen oder das Haus dahinter hat sich ge\u00e4ndert. Aber es lohnt sich immer, mit offenen Augen durch den Ort zu laufen! PDF zum Download Auf dem Weg kann es kalt werden &#8211; daher hier [&hellip;]<\/p>\n","protected":false},"author":1,"featured_media":0,"parent":0,"menu_order":1,"comment_status":"closed","ping_status":"closed","template":"","meta":{"footnotes":""},"class_list":["post-9","page","type-page","status-publish","hentry"],"_links":{"self":[{"href":"https:\/\/krippen-weg.de\/index.php?rest_route=\/wp\/v2\/pages\/9","targetHints":{"allow":["GET"]}}],"collection":[{"href":"https:\/\/krippen-weg.de\/index.php?rest_route=\/wp\/v2\/pages"}],"about":[{"href":"https:\/\/krippen-weg.de\/index.php?rest_route=\/wp\/v2\/types\/page"}],"author":[{"embeddable":true,"href":"https:\/\/krippen-weg.de\/index.php?rest_route=\/wp\/v2\/users\/1"}],"replies":[{"embeddable":true,"href":"https:\/\/krippen-weg.de\/index.php?rest_route=%2Fwp%2Fv2%2Fcomments&post=9"}],"version-history":[{"count":17,"href":"https:\/\/krippen-weg.de\/index.php?rest_route=\/wp\/v2\/pages\/9\/revisions"}],"predecessor-version":[{"id":172,"href":"https:\/\/krippen-weg.de\/index.php?rest_route=\/wp\/v2\/pages\/9\/revisions\/172"}],"wp:attachment":[{"href":"https:\/\/krippen-weg.de\/index.php?rest_route=%2Fwp%2Fv2%2Fmedia&parent=9"}],"curies":[{"name":"wp","href":"https:\/\/api.w.org\/{rel}","templated":true}]}}