{"id":3,"date":"2024-10-28T19:00:03","date_gmt":"2024-10-28T18:00:03","guid":{"rendered":"http:\/\/localhost:8967\/?page_id=3"},"modified":"2024-11-24T11:49:21","modified_gmt":"2024-11-24T10:49:21","slug":"datenschutzerklaerung","status":"publish","type":"page","link":"https:\/\/krippen-weg.de\/?page_id=3","title":{"rendered":"Impressum"},"content":{"rendered":"\n<h2 class=\"wp-block-heading\">Impressum<\/h2>\n\n\n\n<p>Martin Setzler<\/p>\n\n\n\n<p>Hofstattweg 18<br>72138 Kirchentellinsfurt<\/p>\n\n\n\n<p>Telefon: 07121\/678424<br>E-Mail: martin@setzler.de<\/p>\n\n\n\n<h2 class=\"wp-block-heading\">Disclaimer &#8211; rechtliche Hinweise<\/h2>\n\n\n\n<h5 class=\"wp-block-heading\">Eingebettete Inhalte von anderen Websites<\/h5>\n\n\n\n<p>Beitr\u00e4ge auf dieser Website k\u00f6nnen eingebettete Inhalte beinhalten (z.&nbsp;B. Videos, Bilder, Beitr\u00e4ge etc.). Eingebettete Inhalte von anderen Websites verhalten sich exakt so, als ob der Besucher die andere Website besucht h\u00e4tte.<\/p>\n\n\n\n<p>Diese Websites k\u00f6nnen Daten \u00fcber dich sammeln, Cookies benutzen, zus\u00e4tzliche Tracking-Dienste von Dritten einbetten und deine Interaktion mit diesem eingebetteten Inhalt aufzeichnen, inklusive deiner Interaktion mit dem eingebetteten Inhalt, falls du ein Konto hast und auf dieser Website angemeldet bist.<\/p>\n\n\n\n<h2 class=\"wp-block-heading\">Deine Daten \/ Cookies<\/h2>\n\n\n\n<p>Wir sammeln keine Daten von Dir und setzen keine Cookies au\u00dfer den von Worpress und dem Theme mitgebrachten Einstellungen.<\/p>\n\n\n\n<p>Wir hosten diese Seite bei IONOS auf einem eigenen virtuellen Server. Somit hat niemand Zugriff auf die ggf. durch WordPress protokollierten Daten au\u00dfer wir. <\/p>\n","protected":false},"excerpt":{"rendered":"<p>Impressum Martin Setzler Hofstattweg 1872138 Kirchentellinsfurt Telefon: 07121\/678424E-Mail: martin@setzler.de Disclaimer &#8211; rechtliche Hinweise Eingebettete Inhalte von anderen Websites Beitr\u00e4ge auf dieser Website k\u00f6nnen eingebettete Inhalte beinhalten (z.&nbsp;B. Videos, Bilder, Beitr\u00e4ge etc.). Eingebettete Inhalte von anderen Websites verhalten sich exakt so, als ob der Besucher die andere Website besucht h\u00e4tte. Diese Websites k\u00f6nnen Daten \u00fcber dich [&hellip;]<\/p>\n","protected":false},"author":1,"featured_media":0,"parent":0,"menu_order":0,"comment_status":"closed","ping_status":"closed","template":"","meta":{"footnotes":""},"class_list":["post-3","page","type-page","status-publish","hentry"],"_links":{"self":[{"href":"https:\/\/krippen-weg.de\/index.php?rest_route=\/wp\/v2\/pages\/3","targetHints":{"allow":["GET"]}}],"collection":[{"href":"https:\/\/krippen-weg.de\/index.php?rest_route=\/wp\/v2\/pages"}],"about":[{"href":"https:\/\/krippen-weg.de\/index.php?rest_route=\/wp\/v2\/types\/page"}],"author":[{"embeddable":true,"href":"https:\/\/krippen-weg.de\/index.php?rest_route=\/wp\/v2\/users\/1"}],"replies":[{"embeddable":true,"href":"https:\/\/krippen-weg.de\/index.php?rest_route=%2Fwp%2Fv2%2Fcomments&post=3"}],"version-history":[{"count":6,"href":"https:\/\/krippen-weg.de\/index.php?rest_route=\/wp\/v2\/pages\/3\/revisions"}],"predecessor-version":[{"id":72,"href":"https:\/\/krippen-weg.de\/index.php?rest_route=\/wp\/v2\/pages\/3\/revisions\/72"}],"wp:attachment":[{"href":"https:\/\/krippen-weg.de\/index.php?rest_route=%2Fwp%2Fv2%2Fmedia&parent=3"}],"curies":[{"name":"wp","href":"https:\/\/api.w.org\/{rel}","templated":true}]}}