{"id":25,"date":"2024-11-17T18:40:52","date_gmt":"2024-11-17T17:40:52","guid":{"rendered":"https:\/\/krippen-weg.de\/?page_id=25"},"modified":"2025-12-28T10:05:29","modified_gmt":"2025-12-28T09:05:29","slug":"die-krippen","status":"publish","type":"page","link":"https:\/\/krippen-weg.de\/?page_id=25","title":{"rendered":"Krippen-Quiz"},"content":{"rendered":"\n<p>Wer alle Krippen auf einem Spaziergang entdecken will, wird mehr als 10 km laufen m\u00fcssen. Daher gibt es unter <a href=\"https:\/\/krippen-weg.de\/?page_id=9\" data-type=\"page\" data-id=\"9\">Der Weg <\/a>verschiedene Etappenvorschl\u00e4ge. Eine hohe Krippendichte befindet sich im Dorfkern &#8211; daf\u00fcr haben die Konfirmandinnen und Konfirmanden extra ein Quiz erstellt. Viel Spa\u00df damit!<\/p>\n\n\n\n<figure class=\"wp-block-image size-full\"><img loading=\"lazy\" decoding=\"async\" width=\"468\" height=\"312\" src=\"https:\/\/krippen-weg.de\/wp-content\/uploads\/2024\/11\/2012_12_12_kfurt_krippenweg_foto_martin_schreier_3565.jpg.18492288.jpg\" alt=\"\" class=\"wp-image-105\" srcset=\"https:\/\/krippen-weg.de\/wp-content\/uploads\/2024\/11\/2012_12_12_kfurt_krippenweg_foto_martin_schreier_3565.jpg.18492288.jpg 468w, https:\/\/krippen-weg.de\/wp-content\/uploads\/2024\/11\/2012_12_12_kfurt_krippenweg_foto_martin_schreier_3565.jpg.18492288-300x200.jpg 300w\" sizes=\"auto, (max-width: 468px) 100vw, 468px\" \/><\/figure>\n\n\n\n<p><a href=\"https:\/\/krippen-weg.de\/wp-content\/uploads\/2025\/12\/2025_Krippen-Quiz.pdf\" data-type=\"attachment\" data-id=\"181\"><strong>Zum Krippenquiz<\/strong><\/a><\/p>\n\n\n\n<p>18 Fragen entlang der Kirchackerstra\u00dfe, Rathausplatz und Dorfstra\u00dfe machen den Spaziergang noch spannender. Wer das Quiz beantwortet und seine Antworten im evangelischen Gemeindehaus einwirft, erh\u00e4lt nach Dreik\u00f6nig Post. <\/p>\n\n\n\n<p>Bitte Adresse nicht vergessen!<\/p>\n\n\n\n<figure class=\"wp-block-image size-full\"><img loading=\"lazy\" decoding=\"async\" width=\"613\" height=\"756\" src=\"https:\/\/krippen-weg.de\/wp-content\/uploads\/2025\/12\/Krippen-Quiz.jpg\" alt=\"\" class=\"wp-image-184\" srcset=\"https:\/\/krippen-weg.de\/wp-content\/uploads\/2025\/12\/Krippen-Quiz.jpg 613w, https:\/\/krippen-weg.de\/wp-content\/uploads\/2025\/12\/Krippen-Quiz-243x300.jpg 243w\" sizes=\"auto, (max-width: 613px) 100vw, 613px\" \/><\/figure>\n\n\n\n<p>Wer eine verzeichnete Krippe nicht finden kann, erh\u00e4lt Hilfe durch das Krippenverzeichnis. Es ist nach Stra\u00dfen geordnet und zeigt bei Klick die Geolokalisierung an. <\/p>\n\n\n\n<p><a href=\"https:\/\/www.falk.de\/stadtplan\/kirchentellinsfurt?mz=16&amp;mp=48.52795_9.1587&amp;pw=48.52795_9.1587_Akazienweg+8%2C+72138+Kirchentellinsfurt%2C+Deutschland_0\">Akazienweg 8 (Familie Geiger)<\/a><br><a href=\"https:\/\/www.falk.de\/stadtplan\/kirchentellinsfurt?mz=16&amp;mp=48.53292_9.14691&amp;pw=48.53292_9.14691_Am+Plon+4%2C+72138+Kirchentellinsfurt%2C+Deutschland_0\">Am Plon 4 (La Cascina)<\/a> <br><a href=\"https:\/\/maps.app.goo.gl\/mNaQgZykxKE9LFnEA\">Bahnhofstra\u00dfe 26 (design hecht &#8211; Fenster Richtung Kusterdingerstra\u00dfe)<\/a> <br><a href=\"https:\/\/maps.app.goo.gl\/6w8D8UfJnD9qc4tt7\">Bahnhofstra\u00dfe 27 (Otto Beckert)<\/a><br><a href=\"https:\/\/maps.app.goo.gl\/Gp98eFzqEbooKRho9\" data-type=\"link\" data-id=\"https:\/\/maps.app.goo.gl\/Gp98eFzqEbooKRho9\">Baumgartenstra\u00dfe (Garten der Familie Jung)<\/a><br><a href=\"https:\/\/www.google.com\/maps\/place\/Billinger+Allee+12,+72138+Kirchentellinsfurt\/@48.5315344,9.1497902,18z\/data=!4m6!3m5!1s0x4799efcb6750594d:0x28022c2463dbf227!8m2!3d48.5314774!4d9.1522554!16s%2Fg%2F11c4tkdjhd?entry=ttu&amp;g_ep=EgoyMDI0MTExOS4yIKXMDSoASAFQAw%3D%3D\">Billinger Alle 12 (Familie Reiff)<\/a><br><a href=\"https:\/\/www.google.com\/maps\/place\/Billinger+Allee+15%2F4,+72138+Kirchentellinsfurt\/@48.530962,9.1518268,17z\/data=!3m1!4b1!4m6!3m5!1s0x4799efccaa78134f:0x62d7f8566adfd2e8!8m2!3d48.530962!4d9.1531143!16s%2Fg%2F11cscf02d6?entry=ttu&amp;g_ep=EgoyMDI0MTExOS4yIKXMDSoASAFQAw%3D%3D\">Billinger Alle 15\/4 (Familie Naske)<\/a><br><a href=\"https:\/\/maps.app.goo.gl\/biEhoeJDy47yZct77\">Dammweg 4 (Fischerkischd)<\/a><br><a href=\"https:\/\/www.google.com\/maps\/place\/Dorfstra%C3%9Fe+1,+72138+Kirchentellinsfurt\/@48.5331028,9.1454428,17z\/data=!3m1!4b1!4m6!3m5!1s0x4799efcbd8cb27c7:0x56b23240ba68e8ca!8m2!3d48.5331028!4d9.1480177!16s%2Fg%2F11c182hr01?entry=ttu&amp;g_ep=EgoyMDI0MTEyNC4xIKXMDSoASAFQAw%3D%3D\">Dorfstra\u00dfe 1 (Waldis Fahrschule)<\/a><br><a href=\"https:\/\/maps.app.goo.gl\/YSRxyc2eVgxB3hS77\">Dorfstra\u00dfe 17 (Klam\u00f6ttchen)<\/a><br><a href=\"https:\/\/maps.app.goo.gl\/Nrncmp3jHusddqoJA\">Dorfstra\u00dfe 31 (Allianz Herdtner)<\/a><br><a href=\"https:\/\/maps.app.goo.gl\/o4CaNMXRhkoZkNbb6\">Dorfstra\u00dfe 35 (Kreissparkasse)<\/a><br><a href=\"https:\/\/maps.app.goo.gl\/CnFN9puevUV7bcK9A\">Dorfstra\u00dfe 39 (Bati-Markt)<\/a><br><a href=\"https:\/\/maps.app.goo.gl\/TEfNMwF8Ne6JmVM18\">Dorfstra\u00dfe 41 (Apotheke)<\/a><br><a href=\"https:\/\/www.google.com\/maps\/place\/Dornackerstra%C3%9Fe+16,+72138+Kirchentellinsfurt\/@48.5360596,9.1473982,17z\/data=!3m1!4b1!4m6!3m5!1s0x4799efca08ce27c1:0x3fef18d92c90f8ae!8m2!3d48.5360596!4d9.1499731!16s%2Fg%2F11cpllvq1_?entry=ttu&amp;g_ep=EgoyMDI0MTEyNC4xIKXMDSoASAFQAw%3D%3D\">Dornackerstra\u00dfe 16 (Familie Grosgeorge)<\/a><br><a href=\"https:\/\/maps.app.goo.gl\/7bc67jwtbfdySzmV8\">Faulbaum 7 (DRK &#8211; Jugendrotkreuz)<\/a><br><a href=\"https:\/\/maps.app.goo.gl\/Gp98eFzqEbooKRho9\">Friedrichstra\u00dfe 9 (Familie Koslowski)<\/a><br><a href=\"https:\/\/www.google.com\/maps\/place\/G%C3%A4chtstra%C3%9Fe+54,+72138+Kirchentellinsfurt\/@48.535705,9.1497407,17z\/data=!3m1!4b1!4m6!3m5!1s0x4799efcaa8cfe3c1:0x739bf11cef4d438f!8m2!3d48.5357051!4d9.1546116!16s%2Fg%2F11c1fv9zhd?entry=ttu&amp;g_ep=EgoyMDI0MTEyNC4xIKXMDSoASAFQAw%3D%3D\">G\u00e4chtstra\u00dfe 54 (Familie Probst &#8211; hier gibt es Honig und Met!)<\/a><br><a href=\"https:\/\/maps.app.goo.gl\/k359obXwQdfzeYKz5\">Himmelsreichstra\u00dfe 21 (Familie Quiel &#8211; im Wohnwagen)<\/a><br><a href=\"https:\/\/maps.app.goo.gl\/pP75AuX51cXVq4oe6\" data-type=\"link\" data-id=\"https:\/\/maps.app.goo.gl\/pP75AuX51cXVq4oe6\">Himmelreichstra\u00dfe\/Ecke Taubenstra\u00dfe (Krippengarage)<\/a><br><a href=\"https:\/\/maps.app.goo.gl\/6FGsyQNf2HLYTHBc7\">Hofstattweg 5 (Familie Schmitt)<\/a><br><a href=\"https:\/\/maps.app.goo.gl\/RRJVXtWEcEPUQvR69\">Hofstattweg 16 (Familie Nerz)<\/a><br><a href=\"https:\/\/maps.app.goo.gl\/dzG6cvCmtG8nMm9k6\">Hofstattweg 18 (Baustelle Setzler)<\/a><br><a href=\"https:\/\/maps.app.goo.gl\/SSynBYHy61fnnysy5\">Hohenbergerstra\u00dfe 1 (Evangelisches Gemeindehaus)<\/a><br><a href=\"https:\/\/maps.app.goo.gl\/HcHcGNYXaRwY2ubk8\">Kirchackerstra\u00dfe 39 (Blumen Nagel)<\/a><br><a href=\"https:\/\/maps.app.goo.gl\/GvArf3aRYxozHwFZ9\">Kirchfeldstra\u00dfe (Regenbogen Kita)<\/a><br><a href=\"https:\/\/maps.app.goo.gl\/SASpsadrFwoYZuaR7\">Kirchfeldstra\u00dfe 15 (Graf-Eberhard-Schule)<\/a><br><a href=\"https:\/\/maps.app.goo.gl\/zj9oqq5UxZpDM7vg6\">Kirchfeldstra\u00dfe 19 (Martinshaus)<\/a><br><a href=\"https:\/\/maps.app.goo.gl\/MhvCuEeuRBEuZm1c8\">Kirchfeldstra\u00dfe 21 (Katholische Kirche Christus K\u00f6nig des Friedens)<\/a><br><a href=\"https:\/\/maps.app.goo.gl\/JU8wsETE66gbg2G97\">In der Gass 33 (Volksb\u00e4nkle)<\/a><br><a href=\"https:\/\/maps.app.goo.gl\/rFdpfWq5YJvWzN2E8\">In der Gas 16 (Kita Schloss)<\/a><br><a href=\"https:\/\/maps.app.goo.gl\/Ew9HN7MiPuDrcQQg9\">Im G\u00e4ssle (Familie Heinze\/Ludwig)<\/a><br><a href=\"https:\/\/maps.app.goo.gl\/oSmnkQZkEZ2sHwvc8\">Im G\u00e4ssle (Roastbears)<\/a><br><a href=\"https:\/\/maps.app.goo.gl\/oNnL3UiCfXrSuJ6d8\">Im Wengertacker 3 (Janina Sollors &#8211; Fensterbild)<\/a><br><a href=\"https:\/\/maps.app.goo.gl\/qgLJ3RGs9QK6KHBb6\">M\u00fchleweg 44 (Familie Steffan, gegen\u00fcber vom Spielplatz)<\/a><br><a href=\"https:\/\/maps.app.goo.gl\/p2p2FMv73WzxN3Dk7\">Neue Steige 14 (Ruth Enzer)<\/a><br><a href=\"https:\/\/maps.app.goo.gl\/jbAxAxEyDcdnoH869\">Neue Steige 53 (Familie Krahl)<\/a><br><a href=\"https:\/\/maps.app.goo.gl\/GDyFLmb9ZfPDYZZV7\">Raichbergstra\u00dfe 1\/1 (Familie Balslink)<\/a><br><a href=\"https:\/\/maps.app.goo.gl\/C5k2BwG8vxq3tSq19\">Raichbergstra\u00dfe 2 (Familie Schmid)<\/a><br><a href=\"https:\/\/maps.app.goo.gl\/ish1y1jgq1GwchX39\">Rathaus am Rathausplatz 1<\/a><br><a href=\"https:\/\/maps.app.goo.gl\/GcmAidSLoVAG2jxS9\">Rathausplatz 12 (Naturkostladen)<\/a><br><a href=\"https:\/\/maps.app.goo.gl\/ncShuUf3fU3gQqif6\">Rathausplatz 8 (B\u00e4ckerei Padeffke)<\/a><br><a href=\"https:\/\/maps.app.goo.gl\/aVzvFrB4h4eAdJDL8\">Rathausstr\u00e4\u00dfle 2 (Post \/ Nisi&#8217;s Kiosk)<\/a><br><a href=\"https:\/\/maps.app.goo.gl\/uwzVb2QS318KGb6UA\">Schlossgartenstra\u00dfe 8 (Evangelisch-methodistische Kirche)<\/a><br><a href=\"https:\/\/maps.app.goo.gl\/dRYuSPCJs3ywkg3n9\">Schlosshof 9 (Gro\u00dfes Schloss im Glasanbau)<\/a><br><a href=\"https:\/\/maps.app.goo.gl\/wc5ygxpoPNfJ8d5X9\">Sonnenhalde 52 (E. Janzen)<\/a><br><a href=\"https:\/\/maps.app.goo.gl\/vJJiPwVSYZtbNBUe7\">Wannweilerstra\u00dfe 12 (mode Knoblich)<\/a><br><a href=\"https:\/\/maps.app.goo.gl\/eyV1m85Bz37VXJ738\">Wannweilerstra\u00dfe 30 (Wein Moment)<\/a><br><a href=\"https:\/\/maps.app.goo.gl\/JcxPQ6M3HAJmFFd16\">Weilhauweg 12 (Katholisches Pfarramt)<\/a><br><a href=\"https:\/\/maps.app.goo.gl\/oUeqjnWeAgckbMN8A\">Wilhelmstra\u00dfe 53 (Fam. Rieger)<\/a><br><br><\/p>\n\n\n\n<p><br><br><\/p>\n","protected":false},"excerpt":{"rendered":"<p>Wer alle Krippen auf einem Spaziergang entdecken will, wird mehr als 10 km laufen m\u00fcssen. Daher gibt es unter Der Weg verschiedene Etappenvorschl\u00e4ge. Eine hohe Krippendichte befindet sich im Dorfkern &#8211; daf\u00fcr haben die Konfirmandinnen und Konfirmanden extra ein Quiz erstellt. Viel Spa\u00df damit! Zum Krippenquiz 18 Fragen entlang der Kirchackerstra\u00dfe, Rathausplatz und Dorfstra\u00dfe machen [&hellip;]<\/p>\n","protected":false},"author":1,"featured_media":0,"parent":0,"menu_order":0,"comment_status":"closed","ping_status":"closed","template":"","meta":{"footnotes":""},"class_list":["post-25","page","type-page","status-publish","hentry"],"_links":{"self":[{"href":"https:\/\/krippen-weg.de\/index.php?rest_route=\/wp\/v2\/pages\/25","targetHints":{"allow":["GET"]}}],"collection":[{"href":"https:\/\/krippen-weg.de\/index.php?rest_route=\/wp\/v2\/pages"}],"about":[{"href":"https:\/\/krippen-weg.de\/index.php?rest_route=\/wp\/v2\/types\/page"}],"author":[{"embeddable":true,"href":"https:\/\/krippen-weg.de\/index.php?rest_route=\/wp\/v2\/users\/1"}],"replies":[{"embeddable":true,"href":"https:\/\/krippen-weg.de\/index.php?rest_route=%2Fwp%2Fv2%2Fcomments&post=25"}],"version-history":[{"count":22,"href":"https:\/\/krippen-weg.de\/index.php?rest_route=\/wp\/v2\/pages\/25\/revisions"}],"predecessor-version":[{"id":188,"href":"https:\/\/krippen-weg.de\/index.php?rest_route=\/wp\/v2\/pages\/25\/revisions\/188"}],"wp:attachment":[{"href":"https:\/\/krippen-weg.de\/index.php?rest_route=%2Fwp%2Fv2%2Fmedia&parent=25"}],"curies":[{"name":"wp","href":"https:\/\/api.w.org\/{rel}","templated":true}]}}